{"id":22,"date":"2021-01-31T18:54:24","date_gmt":"2021-01-31T17:54:24","guid":{"rendered":"http:\/\/parismt.cluster029.hosting.ovh.net\/?page_id=22"},"modified":"2021-02-09T19:06:36","modified_gmt":"2021-02-09T18:06:36","slug":"contact","status":"publish","type":"page","link":"http:\/\/parismt.cluster029.hosting.ovh.net\/index.php\/contact\/","title":{"rendered":"contact"},"content":{"rendered":"\n<p>Vous avez des questions, des souhaits, des suggestions ? Comment pouvons-nous vous \u00eatre utiles ? Envoyez-nous un courriel et nous vous r\u00e9pondrons le plus rapidement possible !<\/p>\n\n\n\n<p>T\u00e9l : +33 6 07 58 94 30<\/p>\n\n\n\n<p>Email : mikako.izuma@paris-mix.net<\/p>\n","protected":false},"excerpt":{"rendered":"<p>Vous avez des questions, des souhaits, des suggestions ? Comment pouvons-nous vous \u00eatre utiles ? Envoyez-nous un courriel et nous vous r\u00e9pondrons le plus rapidement possible ! T\u00e9l : +33 6 07 58 94 30 Email : mikako.izuma@paris-mix.net<\/p>\n","protected":false},"author":1,"featured_media":0,"parent":0,"menu_order":0,"comment_status":"closed","ping_status":"closed","template":"","meta":{"footnotes":""},"class_list":["post-22","page","type-page","status-publish","hentry"],"_links":{"self":[{"href":"http:\/\/parismt.cluster029.hosting.ovh.net\/index.php\/wp-json\/wp\/v2\/pages\/22","targetHints":{"allow":["GET"]}}],"collection":[{"href":"http:\/\/parismt.cluster029.hosting.ovh.net\/index.php\/wp-json\/wp\/v2\/pages"}],"about":[{"href":"http:\/\/parismt.cluster029.hosting.ovh.net\/index.php\/wp-json\/wp\/v2\/types\/page"}],"author":[{"embeddable":true,"href":"http:\/\/parismt.cluster029.hosting.ovh.net\/index.php\/wp-json\/wp\/v2\/users\/1"}],"replies":[{"embeddable":true,"href":"http:\/\/parismt.cluster029.hosting.ovh.net\/index.php\/wp-json\/wp\/v2\/comments?post=22"}],"version-history":[{"count":5,"href":"http:\/\/parismt.cluster029.hosting.ovh.net\/index.php\/wp-json\/wp\/v2\/pages\/22\/revisions"}],"predecessor-version":[{"id":110,"href":"http:\/\/parismt.cluster029.hosting.ovh.net\/index.php\/wp-json\/wp\/v2\/pages\/22\/revisions\/110"}],"wp:attachment":[{"href":"http:\/\/parismt.cluster029.hosting.ovh.net\/index.php\/wp-json\/wp\/v2\/media?parent=22"}],"curies":[{"name":"wp","href":"https:\/\/api.w.org\/{rel}","templated":true}]}}