{"id":21,"date":"2021-01-31T18:54:24","date_gmt":"2021-01-31T17:54:24","guid":{"rendered":"http:\/\/parismt.cluster029.hosting.ovh.net\/?page_id=21"},"modified":"2021-03-11T17:17:04","modified_gmt":"2021-03-11T16:17:04","slug":"a-propos-de","status":"publish","type":"page","link":"http:\/\/parismt.cluster029.hosting.ovh.net\/index.php\/a-propos-de\/","title":{"rendered":"\u00e9v\u00e9nement"},"content":{"rendered":"\n<p>Vous pourriez \u00eatre un artiste et vouloir pr\u00e9senter vos travaux et vous m\u00eame ou encore \u00eatre une entreprise avec une mission \u00e0 promouvoir.<\/p>\n","protected":false},"excerpt":{"rendered":"<p>Vous pourriez \u00eatre un artiste et vouloir pr\u00e9senter vos travaux et vous m\u00eame ou encore \u00eatre une entreprise avec une mission \u00e0 promouvoir.<\/p>\n","protected":false},"author":1,"featured_media":0,"parent":0,"menu_order":0,"comment_status":"closed","ping_status":"closed","template":"","meta":{"footnotes":""},"class_list":["post-21","page","type-page","status-publish","hentry"],"_links":{"self":[{"href":"http:\/\/parismt.cluster029.hosting.ovh.net\/index.php\/wp-json\/wp\/v2\/pages\/21","targetHints":{"allow":["GET"]}}],"collection":[{"href":"http:\/\/parismt.cluster029.hosting.ovh.net\/index.php\/wp-json\/wp\/v2\/pages"}],"about":[{"href":"http:\/\/parismt.cluster029.hosting.ovh.net\/index.php\/wp-json\/wp\/v2\/types\/page"}],"author":[{"embeddable":true,"href":"http:\/\/parismt.cluster029.hosting.ovh.net\/index.php\/wp-json\/wp\/v2\/users\/1"}],"replies":[{"embeddable":true,"href":"http:\/\/parismt.cluster029.hosting.ovh.net\/index.php\/wp-json\/wp\/v2\/comments?post=21"}],"version-history":[{"count":4,"href":"http:\/\/parismt.cluster029.hosting.ovh.net\/index.php\/wp-json\/wp\/v2\/pages\/21\/revisions"}],"predecessor-version":[{"id":133,"href":"http:\/\/parismt.cluster029.hosting.ovh.net\/index.php\/wp-json\/wp\/v2\/pages\/21\/revisions\/133"}],"wp:attachment":[{"href":"http:\/\/parismt.cluster029.hosting.ovh.net\/index.php\/wp-json\/wp\/v2\/media?parent=21"}],"curies":[{"name":"wp","href":"https:\/\/api.w.org\/{rel}","templated":true}]}}